{"id":1759,"date":"2025-11-04T12:03:58","date_gmt":"2025-11-04T11:03:58","guid":{"rendered":"https:\/\/uavh.fr\/?page_id=1759"},"modified":"2025-11-07T21:03:52","modified_gmt":"2025-11-07T20:03:52","slug":"inscription-cross","status":"publish","type":"page","link":"https:\/\/uavh.fr\/index.php\/inscription-cross\/","title":{"rendered":"Inscription Cross"},"content":{"rendered":"\t\t<div data-elementor-type=\"wp-page\" data-elementor-id=\"1759\" class=\"elementor elementor-1759\">\n\t\t\t\t<div class=\"elementor-element elementor-element-b72d56d e-flex e-con-boxed e-con e-parent\" data-id=\"b72d56d\" data-element_type=\"container\">\n\t\t\t\t\t<div class=\"e-con-inner\">\n\t\t\t\t<div class=\"elementor-element elementor-element-f618b68 elementor-widget elementor-widget-heading\" data-id=\"f618b68\" data-element_type=\"widget\" data-widget_type=\"heading.default\">\n\t\t\t\t<div class=\"elementor-widget-container\">\n\t\t\t\t\t<h2 class=\"elementor-heading-title elementor-size-default\">Inscription pour le 35\u00e8me Cross d\u2019Aubagne<\/h2>\t\t\t\t<\/div>\n\t\t\t\t<\/div>\n\t\t\t\t\t<\/div>\n\t\t\t\t<\/div>\n\t\t<div class=\"elementor-element elementor-element-20e80e4 e-flex e-con-boxed e-con e-parent\" data-id=\"20e80e4\" data-element_type=\"container\">\n\t\t\t\t\t<div class=\"e-con-inner\">\n\t\t\t\t<div class=\"elementor-element elementor-element-968072b elementor-widget elementor-widget-text-editor\" data-id=\"968072b\" data-element_type=\"widget\" data-widget_type=\"text-editor.default\">\n\t\t\t\t<div class=\"elementor-widget-container\">\n\t\t\t\t\t\t\t\t\t<p><span style=\"color: #000000;\">Le <strong data-start=\"58\" data-end=\"73\">30 novembre<\/strong>, rendez-vous au <strong data-start=\"90\" data-end=\"110\">Parc Jean Moulin<\/strong> pour une journ\u00e9e sportive et conviviale. Depuis <strong data-start=\"199\" data-end=\"207\">1987<\/strong>, le Cross d\u2019Aubagne r\u00e9unit petits et grands autour d\u2019un parcours exigeant et vari\u00e9, trac\u00e9 sur un <strong data-start=\"305\" data-end=\"339\">relief naturellement accident\u00e9<\/strong> qui mettra vos performances \u00e0 l\u2019\u00e9preuve ! Que vous soyez d\u00e9butant ou coureur aguerri venez relever le d\u00e9fi d\u00e8s <strong data-start=\"488\" data-end=\"497\">6 ans <\/strong>et partager la passion de la course pour vivre une exp\u00e9rience sportive inoubliable !<\/span><\/p>\t\t\t\t\t\t\t\t<\/div>\n\t\t\t\t<\/div>\n\t\t\t\t\t<\/div>\n\t\t\t\t<\/div>\n\t\t<div class=\"elementor-element elementor-element-885641b e-flex e-con-boxed e-con e-parent\" data-id=\"885641b\" data-element_type=\"container\">\n\t\t\t\t\t<div class=\"e-con-inner\">\n\t\t\t\t<div class=\"elementor-element elementor-element-d614585 elementor-widget__width-initial elementor-widget elementor-widget-text-editor\" data-id=\"d614585\" data-element_type=\"widget\" data-widget_type=\"text-editor.default\">\n\t\t\t\t<div class=\"elementor-widget-container\">\n\t\t\t\t\t\t\t\t\t<p><span style=\"color: #000000;\">Pour vous inscrire rien de plus simple :<\/span><\/p><ul><li><span style=\"color: #000000;\">Si vous n\u2019\u00eates pas licenci\u00e9 FFA (pensez bien au PPS !): <span style=\"color: #0000ff;\"><a style=\"color: #0000ff;\" href=\"https:\/\/forms.gle\/aLmAcVKStPVbvHzeA\">Ici<\/a><\/span><\/span><\/li><li><span style=\"color: #000000;\">Si vous \u00eates licenci\u00e9 FFA votre club pourra vous inscrire via le site de la ligue :<span style=\"color: #0000ff;\"> <a style=\"color: #0000ff;\" href=\"https:\/\/ligueathletismepaca.athle.fr\/asp.net\/espaces.engage\/engage.aspx\">Ici<\/a><\/span><\/span><\/li><\/ul>\t\t\t\t\t\t\t\t<\/div>\n\t\t\t\t<\/div>\n\t\t\t\t\t<\/div>\n\t\t\t\t<\/div>\n\t\t<div class=\"elementor-element elementor-element-2ea7a20 e-flex e-con-boxed e-con e-parent\" data-id=\"2ea7a20\" data-element_type=\"container\">\n\t\t\t\t\t<div class=\"e-con-inner\">\n\t\t\t\t<div class=\"elementor-element elementor-element-bfb18ff elementor-widget elementor-widget-embedpres_document\" data-id=\"bfb18ff\" data-element_type=\"widget\" data-widget_type=\"embedpres_document.default\">\n\t\t\t\t<div class=\"elementor-widget-container\">\n\t\t\t\t\t    \n        <div class=\"embedpress-document-embed ep-doc-574e820fc70d0d1887c0890f4dec07be ose-document \" style=\"; max-width:100%; display: inline-block\">\n    \n                        <div >\n    \n                <div id=\"ep-elementor-content-bfb18ff\" class=\"ep-elementor-content    ep-content-protection-disabled\">\n                    <div id=\"bfb18ff\" class=\"ep-embed-content-wraper\">\n                        <div class=\"embedpress-embed-document-pdf embedpress-pdf-bfb18ff\" data-emid=\"embedpress-pdf-bfb18ff\" data-emsrc=\"https:\/\/uavh.fr\/wp-content\/uploads\/2025\/11\/Parcours-et-categories.pdf\"><iframe title=\"Parcours et cat\u00e9gories\" allowfullscreen=\"true\" mozallowfullscreen=\"true\" webkitallowfullscreen=\"true\" style=\"; max-width:100%;\" src=\"https:\/\/uavh.fr\/wp-content\/uploads\/2025\/11\/Parcours-et-categories.pdf\"><\/iframe><\/div>                    <\/div>\n                <\/div>\n                            <\/div>\n        <\/div>\n    \n    \t\t\t\t<\/div>\n\t\t\t\t<\/div>\n\t\t\t\t\t<\/div>\n\t\t\t\t<\/div>\n\t\t\t\t<\/div>\n\t\t","protected":false},"excerpt":{"rendered":"<p>Inscription pour le 35\u00e8me Cross d\u2019Aubagne Le 30 novembre, rendez-vous au Parc Jean Moulin pour une journ\u00e9e sportive et conviviale. [&hellip;]<\/p>\n","protected":false},"author":1,"featured_media":0,"parent":0,"menu_order":0,"comment_status":"closed","ping_status":"closed","template":"","meta":{"_eb_attr":"","site-sidebar-layout":"no-sidebar","site-content-layout":"","ast-site-content-layout":"full-width-container","site-content-style":"default","site-sidebar-style":"default","ast-global-header-display":"","ast-banner-title-visibility":"","ast-main-header-display":"","ast-hfb-above-header-display":"","ast-hfb-below-header-display":"","ast-hfb-mobile-header-display":"","site-post-title":"disabled","ast-breadcrumbs-content":"","ast-featured-img":"disabled","footer-sml-layout":"","theme-transparent-header-meta":"","adv-header-id-meta":"","stick-header-meta":"","header-above-stick-meta":"","header-main-stick-meta":"","header-below-stick-meta":"","astra-migrate-meta-layouts":"default","ast-page-background-enabled":"default","ast-page-background-meta":{"desktop":{"background-color":"var(--ast-global-color-4)","background-image":"","background-repeat":"repeat","background-position":"center center","background-size":"auto","background-attachment":"scroll","background-type":"","background-media":"","overlay-type":"","overlay-color":"","overlay-opacity":"","overlay-gradient":""},"tablet":{"background-color":"","background-image":"","background-repeat":"repeat","background-position":"center center","background-size":"auto","background-attachment":"scroll","background-type":"","background-media":"","overlay-type":"","overlay-color":"","overlay-opacity":"","overlay-gradient":""},"mobile":{"background-color":"","background-image":"","background-repeat":"repeat","background-position":"center center","background-size":"auto","background-attachment":"scroll","background-type":"","background-media":"","overlay-type":"","overlay-color":"","overlay-opacity":"","overlay-gradient":""}},"ast-content-background-meta":{"desktop":{"background-color":"var(--ast-global-color-5)","background-image":"","background-repeat":"repeat","background-position":"center center","background-size":"auto","background-attachment":"scroll","background-type":"","background-media":"","overlay-type":"","overlay-color":"","overlay-opacity":"","overlay-gradient":""},"tablet":{"background-color":"var(--ast-global-color-5)","background-image":"","background-repeat":"repeat","background-position":"center center","background-size":"auto","background-attachment":"scroll","background-type":"","background-media":"","overlay-type":"","overlay-color":"","overlay-opacity":"","overlay-gradient":""},"mobile":{"background-color":"var(--ast-global-color-5)","background-image":"","background-repeat":"repeat","background-position":"center center","background-size":"auto","background-attachment":"scroll","background-type":"","background-media":"","overlay-type":"","overlay-color":"","overlay-opacity":"","overlay-gradient":""}},"footnotes":""},"class_list":["post-1759","page","type-page","status-publish","hentry"],"_links":{"self":[{"href":"https:\/\/uavh.fr\/index.php\/wp-json\/wp\/v2\/pages\/1759","targetHints":{"allow":["GET"]}}],"collection":[{"href":"https:\/\/uavh.fr\/index.php\/wp-json\/wp\/v2\/pages"}],"about":[{"href":"https:\/\/uavh.fr\/index.php\/wp-json\/wp\/v2\/types\/page"}],"author":[{"embeddable":true,"href":"https:\/\/uavh.fr\/index.php\/wp-json\/wp\/v2\/users\/1"}],"replies":[{"embeddable":true,"href":"https:\/\/uavh.fr\/index.php\/wp-json\/wp\/v2\/comments?post=1759"}],"version-history":[{"count":17,"href":"https:\/\/uavh.fr\/index.php\/wp-json\/wp\/v2\/pages\/1759\/revisions"}],"predecessor-version":[{"id":1789,"href":"https:\/\/uavh.fr\/index.php\/wp-json\/wp\/v2\/pages\/1759\/revisions\/1789"}],"wp:attachment":[{"href":"https:\/\/uavh.fr\/index.php\/wp-json\/wp\/v2\/media?parent=1759"}],"curies":[{"name":"wp","href":"https:\/\/api.w.org\/{rel}","templated":true}]}}